{"id":367,"date":"2024-01-12T09:39:33","date_gmt":"2024-01-12T14:39:33","guid":{"rendered":"https:\/\/rentarturismo.com\/colombia\/?page_id=367"},"modified":"2024-01-21T18:42:23","modified_gmt":"2024-01-21T23:42:23","slug":"como-trabajar-con-nosotros","status":"publish","type":"page","link":"https:\/\/miopcionweb.com\/colombia\/como-trabajar-con-nosotros\/","title":{"rendered":"C\u00f3mo Trabajar con Nosotros"},"content":{"rendered":"\n<h3 class=\"wp-block-heading\">C\u00f3mo Trabajar con Nosotros: <\/h3>\n\n\n\n<p>Existen diferentes formas de trabajar con nosotros.<\/p>\n\n\n\n<p><strong><a href=\"https:\/\/rentarturismo.com\/colombia\/como-registrarse-como-usuario-de-rentarturismo\/\" target=\"_blank\" rel=\"noreferrer noopener\">Inscr\u00edbete <\/a><\/strong>y Sube una propiedad o servicio que est\u00e9 autorizado en nuestra Plataforma.<\/p>\n\n\n\n<p><strong><a href=\"https:\/\/rentarturismo.com\/colombia\/como-registrarse-como-usuario-de-rentarturismo\/\" target=\"_blank\" rel=\"noreferrer noopener\">Inscr\u00edbete<\/a><\/strong> y haz parte de nuestra comunidad de emprendedores y empresarios del Turismo con una visi\u00f3n global que a trav\u00e9s de nuestra plataforma encontraron la opci\u00f3n de crecimiento econ\u00f3mico y personal, constante<\/p>\n","protected":false},"excerpt":{"rendered":"<p>C\u00f3mo Trabajar con Nosotros: Existen diferentes formas de trabajar con nosotros. Inscr\u00edbete y Sube una propiedad o servicio que est\u00e9 autorizado en nuestra Plataforma. Inscr\u00edbete y haz parte de nuestra comunidad de emprendedores y empresarios del Turismo con una visi\u00f3n global que a trav\u00e9s de nuestra plataforma encontraron la opci\u00f3n de crecimiento econ\u00f3mico y personal, [&hellip;]<\/p>\n","protected":false},"author":1,"featured_media":0,"parent":0,"menu_order":0,"comment_status":"closed","ping_status":"closed","template":"","meta":{"footnotes":""},"_links":{"self":[{"href":"https:\/\/miopcionweb.com\/colombia\/wp-json\/wp\/v2\/pages\/367"}],"collection":[{"href":"https:\/\/miopcionweb.com\/colombia\/wp-json\/wp\/v2\/pages"}],"about":[{"href":"https:\/\/miopcionweb.com\/colombia\/wp-json\/wp\/v2\/types\/page"}],"author":[{"embeddable":true,"href":"https:\/\/miopcionweb.com\/colombia\/wp-json\/wp\/v2\/users\/1"}],"replies":[{"embeddable":true,"href":"https:\/\/miopcionweb.com\/colombia\/wp-json\/wp\/v2\/comments?post=367"}],"version-history":[{"count":5,"href":"https:\/\/miopcionweb.com\/colombia\/wp-json\/wp\/v2\/pages\/367\/revisions"}],"predecessor-version":[{"id":449,"href":"https:\/\/miopcionweb.com\/colombia\/wp-json\/wp\/v2\/pages\/367\/revisions\/449"}],"wp:attachment":[{"href":"https:\/\/miopcionweb.com\/colombia\/wp-json\/wp\/v2\/media?parent=367"}],"curies":[{"name":"wp","href":"https:\/\/api.w.org\/{rel}","templated":true}]}}