{"id":567,"date":"2024-01-31T19:37:17","date_gmt":"2024-02-01T00:37:17","guid":{"rendered":"https:\/\/rentarturismo.com\/colombia\/?page_id=567"},"modified":"2024-02-29T10:36:03","modified_gmt":"2024-02-29T15:36:03","slug":"registrarse-como-usuario-de-rentarturismo","status":"publish","type":"page","link":"https:\/\/miopcionweb.com\/colombia\/registrarse-como-usuario-de-rentarturismo\/","title":{"rendered":"Registrarse Como usuario de Rentarturismo"},"content":{"rendered":"\n<p>Registrarse como usuario de nuestra comunidad es muy f\u00e1cil, en primer lugar elige el pa\u00eds o la <strong>secci\u00f3n<\/strong> donde quieres iniciar, (<strong>de igual forma con el registro tendr\u00e1s acceso a todos los pa\u00edses, es decir, a toda la plataforma<\/strong>) en la parte superior del men\u00fa de navegaci\u00f3n, ingresa a la pesta\u00f1a <strong>Acceder,<\/strong> (desde tu m\u00f3vil el signo<strong> +<\/strong>) luego en la ventana que te aparece, despu\u00e9s de la pregunta, <strong>\u00bfa\u00fan no tienes una cuenta?<\/strong>, pincha en la palabra <strong>Registro<\/strong>, Luego ingresa  tus Datos, correo electr\u00f3nico y una contrase\u00f1a, acepta los t\u00e9rminos, dale a Registro y Listo ya eres parte de nuestra Comunidad;  ve a tu correo electr\u00f3nico y abre el enlace que te enviamos para verificar tu correo.<\/p>\n\n\n\n<p>Bueno, ahora que ya sabes como registrarse como usuario de Rentarturismo, contin\u00faa mejorando la informaci\u00f3n de tu perfil:  <\/p>\n\n\n\n<p>Estando logueado, p\u00f3sate encima de tu usuario, el cual hasta ahora es tu correo electr\u00f3nico, ve Ajustes y completa la informaci\u00f3n solicitada, no olvides subir una imagen de perfil y escribir tu nombre como aparece en tu identificaci\u00f3n, guarda los cambios, recuerda que en el futuro lo usar\u00e1s para todo tipo de negocios en nuestra plataforma.<\/p>\n\n\n\n<p>Bueno, ahora que tu perfil est\u00e1 completo, ya est\u00e1s preparado para hacer negocios con nuestra comunidad, convertirte en asesor y ganar dinero a trav\u00e9s de decenas, cientos o quiz\u00e1s miles de propiedades o servicios en Colombia y en todo el mundo, incluso sin ser propietario ni prestar alg\u00fan servicio de manera directa; o si eres propietario puedes  <strong><a href=\"https:\/\/rentarturismo.com\/prueba\/como-subir-una-propiedad\/\" target=\"_blank\" rel=\"noreferrer noopener\">subir una propiedad<\/a><\/strong> o servicio a nuestra plataforma y empezar a generar ingreso.<\/p>\n\n\n\n<p><\/p>\n","protected":false},"excerpt":{"rendered":"<p>Registrarse como usuario de nuestra comunidad es muy f\u00e1cil, en primer lugar elige el pa\u00eds o la secci\u00f3n donde quieres iniciar, (de igual forma con el registro tendr\u00e1s acceso a todos los pa\u00edses, es decir, a toda la plataforma) en la parte superior del men\u00fa de navegaci\u00f3n, ingresa a la pesta\u00f1a Acceder, (desde tu m\u00f3vil [&hellip;]<\/p>\n","protected":false},"author":1,"featured_media":0,"parent":0,"menu_order":0,"comment_status":"closed","ping_status":"closed","template":"","meta":{"footnotes":""},"_links":{"self":[{"href":"https:\/\/miopcionweb.com\/colombia\/wp-json\/wp\/v2\/pages\/567"}],"collection":[{"href":"https:\/\/miopcionweb.com\/colombia\/wp-json\/wp\/v2\/pages"}],"about":[{"href":"https:\/\/miopcionweb.com\/colombia\/wp-json\/wp\/v2\/types\/page"}],"author":[{"embeddable":true,"href":"https:\/\/miopcionweb.com\/colombia\/wp-json\/wp\/v2\/users\/1"}],"replies":[{"embeddable":true,"href":"https:\/\/miopcionweb.com\/colombia\/wp-json\/wp\/v2\/comments?post=567"}],"version-history":[{"count":12,"href":"https:\/\/miopcionweb.com\/colombia\/wp-json\/wp\/v2\/pages\/567\/revisions"}],"predecessor-version":[{"id":1162,"href":"https:\/\/miopcionweb.com\/colombia\/wp-json\/wp\/v2\/pages\/567\/revisions\/1162"}],"wp:attachment":[{"href":"https:\/\/miopcionweb.com\/colombia\/wp-json\/wp\/v2\/media?parent=567"}],"curies":[{"name":"wp","href":"https:\/\/api.w.org\/{rel}","templated":true}]}}